{"id":53,"date":"2023-12-13T15:26:04","date_gmt":"2023-12-13T15:26:04","guid":{"rendered":"https:\/\/socialinnovationforum.ca\/?page_id=53"},"modified":"2024-11-29T05:02:51","modified_gmt":"2024-11-29T05:02:51","slug":"canadian-forum-for-social-innovation-conference-2022","status":"publish","type":"page","link":"https:\/\/socialinnovationforum.ca\/fr\/canadian-forum-for-social-innovation-conference-2022\/","title":{"rendered":"Forum 2022"},"content":{"rendered":"<figure class=\"wp-block-image alignfull size-full\"><img loading=\"lazy\" decoding=\"async\" width=\"1917\" height=\"5358\" src=\"https:\/\/socialinnovationforum.ca\/wp-content\/uploads\/2023\/12\/Forum-2022-Large-e1702583522493.png\" alt=\"Forum 2022 poster\" class=\"wp-image-136\" srcset=\"https:\/\/socialinnovationforum.ca\/wp-content\/uploads\/2023\/12\/Forum-2022-Large-e1702583522493.png 1917w, https:\/\/socialinnovationforum.ca\/wp-content\/uploads\/2023\/12\/Forum-2022-Large-e1702583522493-107x300.png 107w, https:\/\/socialinnovationforum.ca\/wp-content\/uploads\/2023\/12\/Forum-2022-Large-e1702583522493-366x1024.png 366w, https:\/\/socialinnovationforum.ca\/wp-content\/uploads\/2023\/12\/Forum-2022-Large-e1702583522493-768x2147.png 768w, https:\/\/socialinnovationforum.ca\/wp-content\/uploads\/2023\/12\/Forum-2022-Large-e1702583522493-550x1536.png 550w, https:\/\/socialinnovationforum.ca\/wp-content\/uploads\/2023\/12\/Forum-2022-Large-e1702583522493-733x2048.png 733w\" sizes=\"auto, (max-width: 1917px) 100vw, 1917px\" \/><\/figure>\n\n\n\n<h2 class=\"wp-block-heading has-text-align-center has-text-color has-link-color wp-elements-8e1c91063ca4624ddf7269348ffae757\" style=\"color:#1a2954\">T\u00e9l\u00e9chargez le rapport complet des discussions sur les questions s\u00e9lectionn\u00e9es pour d\u00e9lib\u00e9ration lors de la premi\u00e8re \u00e9dition du Forum canadien pour l'innovation sociale<\/h2>\n\n\n\n<div class=\"wp-block-buttons is-content-justification-center is-layout-flex wp-container-core-buttons-is-layout-16018d1d wp-block-buttons-is-layout-flex\">\n<div class=\"wp-block-button has-custom-font-size is-style-shadow has-medium-font-size\"><a class=\"wp-block-button__link has-quaternary-color has-text-color has-background has-link-color has-text-align-center wp-element-button\" href=\"https:\/\/socialinnovationforum.ca\/wp-content\/uploads\/2023\/12\/Forum-Consensus-Report-21-09-24-V2-francais.pdf\" style=\"background-color:#c11031\">LIRE le Rapport de consensus 2022<\/a><\/div>\n<\/div>\n\n\n\n<p class=\"has-text-align-center\">Le Rapport de consensus est le fruit d'une collaboration visant une compr\u00e9hension concert\u00e9s des besoins, des atouts et des consid\u00e9rations li\u00e9es \u00e0 l'implementation d'un plan de recherche et d'action sur le r\u00f4le des universit\u00e9s au sein de l'\u00e9cosyst\u00e8me de l'innovation sociale.<\/p>\n\n\n\n<h2 class=\"wp-block-heading has-text-align-center has-text-color has-link-color wp-elements-5f355d31fd5ae46c75c4760eaf26a798\" style=\"color:#c11031\"><strong>Questions cl\u00e9s en mati\u00e8re de strat\u00e9gie et de politique<\/strong><\/h2>\n\n\n\n<ul class=\"wp-block-list\">\n<li class=\"has-small-font-size\">Le r\u00f4le du conseil scientifique et de l\u2019innovation sociale dans le gouvernement, \u00e0 tous les niveaux <\/li>\n\n\n\n<li class=\"has-small-font-size\">Capacit\u00e9 d\u2019innovation dans le secteur social<\/li>\n\n\n\n<li class=\"has-small-font-size\">Besoins en mati\u00e8re de politique d\u2019innovation fond\u00e9e sur des donn\u00e9es probantes et de syst\u00e8me de soutien \u00e0 la recherche<\/li>\n\n\n\n<li class=\"has-small-font-size\">La relation campus-communaut\u00e9 et les d\u00e9fis de la mobilisation des connaissances dans l\u2019\u00e9cosyst\u00e8me de l\u2019innovation sociale<\/li>\n\n\n\n<li class=\"has-small-font-size\">Contribution des savoirs autochtones et des approches d\u00e9coloniales dans un \u00e9cosyst\u00e8me d\u2019innovation sociale inclusif et diversifi\u00e9<\/li>\n<\/ul>\n\n\n\n<div class=\"wp-block-buttons is-content-justification-center is-layout-flex wp-container-core-buttons-is-layout-16018d1d wp-block-buttons-is-layout-flex\">\n<div class=\"wp-block-button has-custom-width wp-block-button__width-75 is-style-shadow\" style=\"font-size:20px\"><a class=\"wp-block-button__link has-quaternary-color has-text-color has-background has-link-color wp-element-button\" href=\"https:\/\/socialinnovationforum.ca\/wp-content\/uploads\/2023\/12\/Forum-Consensus-Report-21-09-24-V2-francais.pdf\" style=\"background-color:#c11031\" target=\"_blank\" rel=\"noreferrer noopener\">LIRE le Rapport de consensus 2022<\/a><\/div>\n<\/div>\n\n\n\n<p><\/p>","protected":false},"excerpt":{"rendered":"<p>Download the full report on deliberations from the the first edition of the Canadian Forum for Social Innovation The Forum&#8217;s Consensus Report is a collaborative and collective effort to deliver a concerted understanding of needs, assets and implementation consideration to inform a research and action plan around the role of universities in the social innovation [&hellip;]<\/p>\n","protected":false},"author":1,"featured_media":0,"parent":0,"menu_order":0,"comment_status":"closed","ping_status":"closed","template":"","meta":{"_coblocks_attr":"","_coblocks_dimensions":"{\"coblocks-hero-1114144534609\":{\"padding\":{}}}","_coblocks_responsive_height":"","_coblocks_accordion_ie_support":"","hide_page_title":"","footnotes":""},"class_list":["post-53","page","type-page","status-publish","hentry"],"_links":{"self":[{"href":"https:\/\/socialinnovationforum.ca\/fr\/wp-json\/wp\/v2\/pages\/53","targetHints":{"allow":["GET"]}}],"collection":[{"href":"https:\/\/socialinnovationforum.ca\/fr\/wp-json\/wp\/v2\/pages"}],"about":[{"href":"https:\/\/socialinnovationforum.ca\/fr\/wp-json\/wp\/v2\/types\/page"}],"author":[{"embeddable":true,"href":"https:\/\/socialinnovationforum.ca\/fr\/wp-json\/wp\/v2\/users\/1"}],"replies":[{"embeddable":true,"href":"https:\/\/socialinnovationforum.ca\/fr\/wp-json\/wp\/v2\/comments?post=53"}],"version-history":[{"count":16,"href":"https:\/\/socialinnovationforum.ca\/fr\/wp-json\/wp\/v2\/pages\/53\/revisions"}],"predecessor-version":[{"id":1200,"href":"https:\/\/socialinnovationforum.ca\/fr\/wp-json\/wp\/v2\/pages\/53\/revisions\/1200"}],"wp:attachment":[{"href":"https:\/\/socialinnovationforum.ca\/fr\/wp-json\/wp\/v2\/media?parent=53"}],"curies":[{"name":"wp","href":"https:\/\/api.w.org\/{rel}","templated":true}]}}