{"id":21,"date":"2023-12-13T14:40:32","date_gmt":"2023-12-13T14:40:32","guid":{"rendered":"https:\/\/socialinnovationforum.ca\/about\/"},"modified":"2025-06-01T15:47:53","modified_gmt":"2025-06-01T15:47:53","slug":"about","status":"publish","type":"page","link":"https:\/\/socialinnovationforum.ca\/fr\/about\/","title":{"rendered":"\u00c0 propos du Forum"},"content":{"rendered":"<div class=\"wp-block-cover alignfull wp-duotone-182b54-ffffff-1\"><span aria-hidden=\"true\" class=\"wp-block-cover__background has-background-dim\"><\/span><img loading=\"lazy\" decoding=\"async\" width=\"1920\" height=\"2560\" class=\"wp-block-cover__image-background wp-image-278\" alt=\"\" src=\"https:\/\/socialinnovationforum.ca\/wp-content\/uploads\/2023\/12\/20221012-IMG_9936-edited-1-scaled.jpg\" data-object-fit=\"cover\" srcset=\"https:\/\/socialinnovationforum.ca\/wp-content\/uploads\/2023\/12\/20221012-IMG_9936-edited-1-scaled.jpg 1920w, https:\/\/socialinnovationforum.ca\/wp-content\/uploads\/2023\/12\/20221012-IMG_9936-edited-1-225x300.jpg 225w, https:\/\/socialinnovationforum.ca\/wp-content\/uploads\/2023\/12\/20221012-IMG_9936-edited-1-768x1024.jpg 768w, https:\/\/socialinnovationforum.ca\/wp-content\/uploads\/2023\/12\/20221012-IMG_9936-edited-1-1152x1536.jpg 1152w, https:\/\/socialinnovationforum.ca\/wp-content\/uploads\/2023\/12\/20221012-IMG_9936-edited-1-1536x2048.jpg 1536w, https:\/\/socialinnovationforum.ca\/wp-content\/uploads\/2023\/12\/20221012-IMG_9936-edited-1-9x12.jpg 9w\" sizes=\"auto, (max-width: 1920px) 100vw, 1920px\" \/><div class=\"wp-block-cover__inner-container is-layout-constrained wp-block-cover-is-layout-constrained\">\n<p class=\"has-text-align-center has-huge-font-size\"><\/p>\n\n\n\n<h1 class=\"wp-block-heading\">\u00c0 propos du Forum<\/h1>\n<\/div><\/div>\n\n\n\n<h2 class=\"wp-block-heading has-text-color has-link-color wp-elements-176a038b05ace741c94122f5803c2224\" style=\"color:#182b53\">Vision et Mandat<\/h2>\n\n\n\n<p>Une collaboration du <a href=\"https:\/\/sciencepolicy.ca\/\" target=\"_blank\" rel=\"noreferrer noopener\">Centre canadien des politiques scientifiques<\/a> et de <a href=\"http:\/\/yourcollaborative.org\/\" target=\"_blank\" rel=\"noreferrer noopener\">The\/La Collaborative<\/a>le Forum orchestre des dialogues intersectoriels qui b\u00e9n\u00e9ficient de la contribution des d\u00e9cideurs et des d\u00e9cideurs politiques, des acteurs politiques de la recherche et de l'enseignement sup\u00e9rieur, des dirigeants d'organisations du secteur social, des praticiens de l'innovation sociale  et des chercheurs en sciences sociales et humaines. Les participants s'engagent dans des ateliers de dialogue d\u00e9lib\u00e9ratif pour cr\u00e9er un alignement sur l'\u00e9ducation, les politiques et les pratiques et proposer des plans d'action concert\u00e9s.<\/p>\n\n\n\n<h3 class=\"wp-block-heading\">La troisi\u00e8me \u00e9dition du Forum canadien pour l'innovation sociale se tiendra \u00e0 Halifax du 2 au 4 juin 2025 en partenariat avec <a href=\"https:\/\/sicanada.org\/\">Innovation Sociale Canada<\/a> o\u00f9 il sera l'h\u00f4te de l'Universit\u00e9 Dalhousie.<\/h3>\n\n\n\n<p>Le rassemblement de cette ann\u00e9e explorera des th\u00e8mes li\u00e9s \u00e0 la capacit\u00e9 des \u00e9cosyst\u00e8mes pour une innovation ax\u00e9e sur la mission. Le Forum 2025 s'appuie sur une s\u00e9rie d'ateliers consultatifs et d'\u00e9laboration de sens, d'analyses de la litt\u00e9rature, d'enqu\u00eates et d'un dialogue national tirant parti des m\u00e9thodologies de r\u00e9tropolation pour produire une feuille de route pour les \u00e9cosyst\u00e8mes d'innovation du Canada qui incarnent le d\u00e9fi. <\/p>\n\n\n\n<div class=\"wp-block-group is-horizontal is-content-justification-space-between is-nowrap is-layout-flex wp-container-core-group-is-layout-b493c794 wp-block-group-is-layout-flex\">\n<blockquote class=\"wp-block-quote has-large-font-size is-layout-flow wp-block-quote-is-layout-flow\">\n<blockquote class=\"wp-block-quote has-text-color has-link-color wp-elements-8a0dc119abbf418a1fec082d92d182a5 is-layout-flow wp-block-quote-is-layout-flow\" style=\"color:#1a2954\">\n<blockquote class=\"wp-block-quote is-layout-flow wp-block-quote-is-layout-flow\">\n<p class=\"has-text-color has-link-color has-lato-font-family has-custom-font has-custom-weight has-custom-lineheight has-custom-letterspacing wp-elements-abadcc64c91e0557ca6c94e15c4d987a\" style=\"color:#1a2954;font-size:39px;font-family:Lato;line-height:1.2;letter-spacing:0.8px;font-weight:normal\"><em>Le CANADA est confront\u00e9 \u00e0 d\u2019importants d\u00e9fis sociaux, environnementaux et \u00e9conomiques. De tels d\u00e9fis \u2013 par exemple la pauvret\u00e9 et l'itin\u00e9rance, le ch\u00f4mage chez les jeunes, le changement d\u00e9mographique et la marginalisation de certaines populations \u2013 n\u00e9cessitent une r\u00e9flexion et une collaboration soutenues en raison de leur nature complexe. Ils appellent l'innovation sociale pour explorer de nouvelles approches et pour renforcer la r\u00e9silience, favoriser l\u2019inclusion et accroitre la durabilit\u00e9.<\/em><\/p>\n<\/blockquote>\n<\/blockquote>\n<cite>\u2013 Le Tr\u00e8s Honorable David Johnston 28\u00e8me Gouverneur G\u00e9n\u00e9ral du Canada<\/cite><\/blockquote>\n<\/div>\n\n\n\n<p><\/p>\n\n\n\n<div class=\"wp-block-group\"><div class=\"wp-block-group__inner-container is-layout-constrained wp-block-group-is-layout-constrained\">\n<p>Du 2 au 4 juin 2025 \u00e0 Halifax, les invit\u00e9s du Forum participeront \u00e0 des exercices d\u00e9lib\u00e9ratifs immersifs visant \u00e0 identifier le soutien et les leviers politiques pour renforcer la connectivit\u00e9 locale et intersectorielle et accro\u00eetre,  par l\u2019action collective, la capacit\u00e9 de mobilisation des connaissances et l\u2019intelligence de l'\u00e9cosyst\u00e8me de l'innovation.<\/p>\n\n\n\n<div style=\"height:30px\" aria-hidden=\"true\" class=\"wp-block-spacer\"><\/div>\n\n\n\n<div class=\"wp-block-buttons is-layout-flex wp-block-buttons-is-layout-flex\">\n<div class=\"wp-block-button has-custom-font-size has-medium-font-size\"><a class=\"wp-block-button__link has-background wp-element-button\" href=\"https:\/\/socialinnovationforum.ca\/fr\/previous-conferences\/forum-2025\/\" style=\"background-color:#c11031\">en savoir plus sur #SIForum2025<\/a><\/div>\n<\/div>\n\n\n\n<div style=\"height:35px\" aria-hidden=\"true\" class=\"wp-block-spacer\"><\/div>\n<\/div><\/div>\n\n\n\n<div aria-label=\"Collage Gallery\" class=\"wp-block-coblocks-gallery-collage is-style-tiled has-filter-sepia has-medium-gutter\"><ul><li class=\"wp-block-coblocks-gallery-collage__item item-1\"><figure class=\"wp-block-coblocks-gallery-collage__figure\"><img loading=\"lazy\" decoding=\"async\" width=\"1024\" height=\"684\" alt=\"Gallery Image\" class=\"wp-image-1004\" data-id=\"1004\" data-imglink=\"\" data-index=\"0\" data-link=\"https:\/\/socialinnovationforum.ca\/53785803585_a6b5eff4d1_o\/\" src=\"https:\/\/socialinnovationforum.ca\/wp-content\/uploads\/2024\/06\/53785803585_a6b5eff4d1_o-1024x684.jpg\" srcset=\"https:\/\/socialinnovationforum.ca\/wp-content\/uploads\/2024\/06\/53785803585_a6b5eff4d1_o-1024x684.jpg 1024w, https:\/\/socialinnovationforum.ca\/wp-content\/uploads\/2024\/06\/53785803585_a6b5eff4d1_o-300x200.jpg 300w, https:\/\/socialinnovationforum.ca\/wp-content\/uploads\/2024\/06\/53785803585_a6b5eff4d1_o-768x513.jpg 768w, https:\/\/socialinnovationforum.ca\/wp-content\/uploads\/2024\/06\/53785803585_a6b5eff4d1_o-1536x1025.jpg 1536w, https:\/\/socialinnovationforum.ca\/wp-content\/uploads\/2024\/06\/53785803585_a6b5eff4d1_o-2048x1367.jpg 2048w, https:\/\/socialinnovationforum.ca\/wp-content\/uploads\/2024\/06\/53785803585_a6b5eff4d1_o-18x12.jpg 18w\" sizes=\"auto, (max-width: 1024px) 100vw, 1024px\" \/><\/figure><\/li><li class=\"wp-block-coblocks-gallery-collage__item item-2\"><figure class=\"wp-block-coblocks-gallery-collage__figure\"><img loading=\"lazy\" decoding=\"async\" width=\"1024\" height=\"684\" alt=\"Gallery Image\" class=\"wp-image-1000\" data-id=\"1000\" data-imglink=\"\" data-index=\"1\" data-link=\"https:\/\/socialinnovationforum.ca\/53785714114_d4039d2641_o\/\" src=\"https:\/\/socialinnovationforum.ca\/wp-content\/uploads\/2024\/06\/53785714114_d4039d2641_o-1024x684.jpg\" srcset=\"https:\/\/socialinnovationforum.ca\/wp-content\/uploads\/2024\/06\/53785714114_d4039d2641_o-1024x684.jpg 1024w, https:\/\/socialinnovationforum.ca\/wp-content\/uploads\/2024\/06\/53785714114_d4039d2641_o-300x200.jpg 300w, https:\/\/socialinnovationforum.ca\/wp-content\/uploads\/2024\/06\/53785714114_d4039d2641_o-768x513.jpg 768w, https:\/\/socialinnovationforum.ca\/wp-content\/uploads\/2024\/06\/53785714114_d4039d2641_o-1536x1025.jpg 1536w, https:\/\/socialinnovationforum.ca\/wp-content\/uploads\/2024\/06\/53785714114_d4039d2641_o-2048x1367.jpg 2048w, https:\/\/socialinnovationforum.ca\/wp-content\/uploads\/2024\/06\/53785714114_d4039d2641_o-18x12.jpg 18w\" sizes=\"auto, (max-width: 1024px) 100vw, 1024px\" \/><\/figure><\/li><li class=\"wp-block-coblocks-gallery-collage__item item-3\"><figure class=\"wp-block-coblocks-gallery-collage__figure\"><img loading=\"lazy\" decoding=\"async\" width=\"1024\" height=\"683\" alt=\"Gallery Image\" class=\"wp-image-944\" data-id=\"944\" data-imglink=\"\" data-index=\"2\" data-link=\"https:\/\/socialinnovationforum.ca\/53785382356_2b0530832d_o\/\" src=\"https:\/\/socialinnovationforum.ca\/wp-content\/uploads\/2024\/06\/53785382356_2b0530832d_o-1024x683.jpg\" srcset=\"https:\/\/socialinnovationforum.ca\/wp-content\/uploads\/2024\/06\/53785382356_2b0530832d_o-1024x683.jpg 1024w, https:\/\/socialinnovationforum.ca\/wp-content\/uploads\/2024\/06\/53785382356_2b0530832d_o-300x200.jpg 300w, https:\/\/socialinnovationforum.ca\/wp-content\/uploads\/2024\/06\/53785382356_2b0530832d_o-768x513.jpg 768w, https:\/\/socialinnovationforum.ca\/wp-content\/uploads\/2024\/06\/53785382356_2b0530832d_o-1536x1025.jpg 1536w, https:\/\/socialinnovationforum.ca\/wp-content\/uploads\/2024\/06\/53785382356_2b0530832d_o-2048x1367.jpg 2048w, https:\/\/socialinnovationforum.ca\/wp-content\/uploads\/2024\/06\/53785382356_2b0530832d_o-18x12.jpg 18w\" sizes=\"auto, (max-width: 1024px) 100vw, 1024px\" \/><\/figure><\/li><li class=\"wp-block-coblocks-gallery-collage__item item-4\"><figure class=\"wp-block-coblocks-gallery-collage__figure\"><img loading=\"lazy\" decoding=\"async\" width=\"1024\" height=\"684\" alt=\"Gallery Image\" class=\"wp-image-992\" data-id=\"992\" data-imglink=\"\" data-index=\"3\" data-link=\"https:\/\/socialinnovationforum.ca\/53785599633_9bc073be43_o\/\" src=\"https:\/\/socialinnovationforum.ca\/wp-content\/uploads\/2024\/06\/53785599633_9bc073be43_o-1024x684.jpg\" srcset=\"https:\/\/socialinnovationforum.ca\/wp-content\/uploads\/2024\/06\/53785599633_9bc073be43_o-1024x684.jpg 1024w, https:\/\/socialinnovationforum.ca\/wp-content\/uploads\/2024\/06\/53785599633_9bc073be43_o-300x200.jpg 300w, https:\/\/socialinnovationforum.ca\/wp-content\/uploads\/2024\/06\/53785599633_9bc073be43_o-768x513.jpg 768w, https:\/\/socialinnovationforum.ca\/wp-content\/uploads\/2024\/06\/53785599633_9bc073be43_o-1536x1025.jpg 1536w, https:\/\/socialinnovationforum.ca\/wp-content\/uploads\/2024\/06\/53785599633_9bc073be43_o-2048x1367.jpg 2048w, https:\/\/socialinnovationforum.ca\/wp-content\/uploads\/2024\/06\/53785599633_9bc073be43_o-18x12.jpg 18w\" sizes=\"auto, (max-width: 1024px) 100vw, 1024px\" \/><\/figure><\/li><\/ul><\/div>\n\n\n\n<h3 class=\"wp-block-heading has-text-align-center has-text-color has-link-color wp-elements-662c433575b1501da48f51eb8f9c03ab\" style=\"color:#1a2954\">Nouvelles<\/h3>\n\n\n<div class=\"wp-block-coblocks-posts is-style-horizontal\"><div class=\"wp-block-coblocks-posts__inner has-columns has-1-columns has-responsive-columns has-image-right has-medium-image has-square-image\"><div class=\"wp-block-coblocks-posts__item\"><div class=\"wp-block-coblocks-posts__content flex-start\"><a href=\"https:\/\/socialinnovationforum.ca\/fr\/connectivity-capacity-and-infrastructure-for-place-based-innovation\/\" alt=\"CONNECTIVITY, CAPACITY and INFRASTRUCTURE for PLACE-BASED INNOVATION\">CONNECTIVIT\u00c9, CAPACIT\u00c9 et INFRASTRUCTURE pour l'INNOVATION TERRITORIALE<\/a><time datetime=\"\" class=\"wp-block-coblocks-posts__date\">mars 16, 2026<\/time><div class=\"wp-block-coblocks-posts__excerpt\">Proceedings of the 3rd Meeting of the Canadian Forum for Social Innovation The third edition of the Canadian Forum for Social Innovation convened in Halifax from June 2\u20134, 2025, at a moment of profound transition. &hellip; <\/div><\/div><\/div><div class=\"wp-block-coblocks-posts__item\"><div class=\"wp-block-coblocks-posts__content flex-start\"><a href=\"https:\/\/socialinnovationforum.ca\/fr\/big-thinking-summit-future-ready-graduate-education-in-canada\/\" alt=\"Big Thinking Summit. Future-Ready Graduate Education in Canada\">Sommet Voir Grand. \u00c9tudes sup\u00e9rieures au Canada : pr\u00eates pour l'avenir<\/a><time datetime=\"\" class=\"wp-block-coblocks-posts__date\">novembre 8, 2025<\/time><div class=\"wp-block-coblocks-posts__excerpt\">Canada\u2019s higher education and postgraduate training systems are crucial part of the scientific enterprise, but they are not yet fully aligned with the needs of an inclusive, innovation-driven society and economy. Current disruptions \u2013 AI, &hellip; <\/div><\/div><\/div><\/div><\/div>","protected":false},"excerpt":{"rendered":"<p>Mission and Scope A joint venture of the Canadian Science Policy Centre and The\/La Collaborative, the Forum convenes cross-sectoral dialogues that benefit from the input of&nbsp;social sector organisation leaders, social innovation practitioners, decision- and policy-makers, research and higher education policy stakeholders and social and human sciences researchers. Participants engage around deliberative dialogue workshops to create [&hellip;]<\/p>\n","protected":false},"author":1,"featured_media":0,"parent":0,"menu_order":0,"comment_status":"closed","ping_status":"closed","template":"","meta":{"_coblocks_attr":"Lato,Lato","_coblocks_dimensions":"","_coblocks_responsive_height":"","_coblocks_accordion_ie_support":"","hide_page_title":"","footnotes":""},"class_list":["post-21","page","type-page","status-publish","hentry"],"_links":{"self":[{"href":"https:\/\/socialinnovationforum.ca\/fr\/wp-json\/wp\/v2\/pages\/21","targetHints":{"allow":["GET"]}}],"collection":[{"href":"https:\/\/socialinnovationforum.ca\/fr\/wp-json\/wp\/v2\/pages"}],"about":[{"href":"https:\/\/socialinnovationforum.ca\/fr\/wp-json\/wp\/v2\/types\/page"}],"author":[{"embeddable":true,"href":"https:\/\/socialinnovationforum.ca\/fr\/wp-json\/wp\/v2\/users\/1"}],"replies":[{"embeddable":true,"href":"https:\/\/socialinnovationforum.ca\/fr\/wp-json\/wp\/v2\/comments?post=21"}],"version-history":[{"count":70,"href":"https:\/\/socialinnovationforum.ca\/fr\/wp-json\/wp\/v2\/pages\/21\/revisions"}],"predecessor-version":[{"id":1365,"href":"https:\/\/socialinnovationforum.ca\/fr\/wp-json\/wp\/v2\/pages\/21\/revisions\/1365"}],"wp:attachment":[{"href":"https:\/\/socialinnovationforum.ca\/fr\/wp-json\/wp\/v2\/media?parent=21"}],"curies":[{"name":"wp","href":"https:\/\/api.w.org\/{rel}","templated":true}]}}