{"id":18,"date":"2023-12-13T14:40:32","date_gmt":"2023-12-13T14:40:32","guid":{"rendered":"https:\/\/socialinnovationforum.ca\/home\/"},"modified":"2026-01-13T13:23:45","modified_gmt":"2026-01-13T13:23:45","slug":"home","status":"publish","type":"page","link":"https:\/\/socialinnovationforum.ca\/fr\/","title":{"rendered":"Accueil"},"content":{"rendered":"<div class=\"wp-block-cover alignfull is-light has-custom-content-position is-position-center-left wp-duotone-182b53-ffffff-3\" style=\"min-height:473px;aspect-ratio:unset;\"><img loading=\"lazy\" decoding=\"async\" width=\"1920\" height=\"2560\" class=\"wp-block-cover__image-background wp-image-151\" alt=\"\" src=\"https:\/\/socialinnovationforum.ca\/wp-content\/uploads\/2023\/12\/20221013-IMG_0064-scaled.jpg\" style=\"object-position:51% 39%\" data-object-fit=\"cover\" data-object-position=\"51% 39%\" srcset=\"https:\/\/socialinnovationforum.ca\/wp-content\/uploads\/2023\/12\/20221013-IMG_0064-scaled.jpg 1920w, https:\/\/socialinnovationforum.ca\/wp-content\/uploads\/2023\/12\/20221013-IMG_0064-225x300.jpg 225w, https:\/\/socialinnovationforum.ca\/wp-content\/uploads\/2023\/12\/20221013-IMG_0064-768x1024.jpg 768w, https:\/\/socialinnovationforum.ca\/wp-content\/uploads\/2023\/12\/20221013-IMG_0064-1152x1536.jpg 1152w, https:\/\/socialinnovationforum.ca\/wp-content\/uploads\/2023\/12\/20221013-IMG_0064-1536x2048.jpg 1536w\" sizes=\"auto, (max-width: 1920px) 100vw, 1920px\" \/><span aria-hidden=\"true\" class=\"wp-block-cover__background has-tertiary-background-color has-background-dim-30 has-background-dim\"><\/span><div class=\"wp-block-cover__inner-container is-layout-flow wp-block-cover-is-layout-flow\">\n<h1 class=\"wp-block-heading has-text-color\" style=\"color:#1a2954;padding-top:var(--wp--preset--spacing--50);padding-bottom:var(--wp--preset--spacing--50)\">Bienvenue au Forum canadien pour l'innovation sociale!<\/h1>\n\n\n\n<div class=\"wp-block-buttons is-horizontal is-content-justification-left is-layout-flex wp-container-core-buttons-is-layout-f4f497dd wp-block-buttons-is-layout-flex\">\n<div class=\"wp-block-button is-style-outline is-style-outline--1\"><a class=\"wp-block-button__link has-text-color has-small-font-size has-custom-font-size wp-element-button\" href=\"https:\/\/socialinnovationforum.ca\/fr\/about\/\" style=\"color:#fcba4d\">D\u00e9couvrez le Forum<\/a><\/div>\n\n\n\n<div class=\"wp-block-button is-style-outline is-style-outline--2\"><a class=\"wp-block-button__link has-text-color has-small-font-size has-custom-font-size wp-element-button\" href=\"https:\/\/socialinnovationforum.ca\/fr\/contact\/\" style=\"color:#c11031\">Contactez-nous<\/a><\/div>\n<\/div>\n<\/div><\/div>\n\n\n\n<div class=\"wp-block-group alignwide\"><div class=\"wp-block-group__inner-container is-layout-constrained wp-block-group-is-layout-constrained\">\n<div class=\"wp-block-columns is-layout-flex wp-container-core-columns-is-layout-9d6595d7 wp-block-columns-is-layout-flex\">\n<div class=\"wp-block-column is-layout-flow wp-block-column-is-layout-flow\" style=\"flex-basis:100%\">\n<div class=\"wp-block-columns is-layout-flex wp-container-core-columns-is-layout-9d6595d7 wp-block-columns-is-layout-flex\">\n<div class=\"wp-block-column is-layout-flow wp-block-column-is-layout-flow\">\n<div class=\"wp-block-group alignwide\"><div class=\"wp-block-group__inner-container is-layout-constrained wp-block-group-is-layout-constrained\">\n<div class=\"wp-block-group alignwide\"><div class=\"wp-block-group__inner-container is-layout-constrained wp-block-group-is-layout-constrained\">\n<div class=\"wp-block-columns is-layout-flex wp-container-core-columns-is-layout-9d6595d7 wp-block-columns-is-layout-flex\">\n<div class=\"wp-block-column is-layout-flow wp-block-column-is-layout-flow\" style=\"flex-basis:100%\">\n<h1 class=\"wp-block-heading has-text-color has-link-color wp-elements-e65c3d4c8fe68f25176469faf5080323\" style=\"color:#c11031\">Qu'est-ce que le Forum canadien pour l'innovation sociale?<\/h1>\n\n\n\n<div class=\"wp-block-columns is-layout-flex wp-container-core-columns-is-layout-9d6595d7 wp-block-columns-is-layout-flex\">\n<div class=\"wp-block-column is-layout-flow wp-block-column-is-layout-flow\" style=\"flex-basis:100%\">\n<div class=\"wp-block-columns is-layout-flex wp-container-core-columns-is-layout-9d6595d7 wp-block-columns-is-layout-flex\">\n<div class=\"wp-block-column is-layout-flow wp-block-column-is-layout-flow\">\n<p>Depuis 2022, le Forum canadien pour l'innovation sociale r\u00e9unit des intervenants de l'enseignement sup\u00e9rieur, du secteur social, des gouvernements municipaux, provinciaux et f\u00e9d\u00e9ral et des organismes communautaires \u00e0 but non lucratif pour des panels, des tables rondes, des dialogues d\u00e9lib\u00e9ratifs et des ateliers de concertation pour  stimuler l'alignement des intervenants autour de la strat\u00e9gie d'innovation canadienne et accroitre la prosp\u00e9rit\u00e9 \u00e0 travers tous les secteurs. <\/p>\n\n\n\n<p>Building on emerging consensus and a wealth of additional evidence, and&nbsp;with the support of valued partners, the guidance of its advisory committee, and the stewardship of the Canadian Collaborative for Society, Innovation and Policy @McMaster University, the Canadian Forum for Social Innovation convenes a national dialogue around key issues around social prosperity and wealth-generating innovation.<\/p>\n<\/div>\n\n\n\n<div class=\"wp-block-column has-quaternary-background-color has-background is-layout-flow wp-block-column-is-layout-flow\">\n<figure class=\"wp-block-image size-large is-resized wp-duotone-90021c-ffffff-4\"><img loading=\"lazy\" decoding=\"async\" width=\"1921\" height=\"2560\" src=\"https:\/\/socialinnovationforum.ca\/wp-content\/uploads\/2024\/10\/53784444397_808c02e483_o-edited-scaled.jpg\" alt=\"\" class=\"wp-image-1067\" style=\"width:554px;height:auto\" srcset=\"https:\/\/socialinnovationforum.ca\/wp-content\/uploads\/2024\/10\/53784444397_808c02e483_o-edited-scaled.jpg 1921w, https:\/\/socialinnovationforum.ca\/wp-content\/uploads\/2024\/10\/53784444397_808c02e483_o-edited-225x300.jpg 225w, https:\/\/socialinnovationforum.ca\/wp-content\/uploads\/2024\/10\/53784444397_808c02e483_o-edited-769x1024.jpg 769w, https:\/\/socialinnovationforum.ca\/wp-content\/uploads\/2024\/10\/53784444397_808c02e483_o-edited-768x1023.jpg 768w, https:\/\/socialinnovationforum.ca\/wp-content\/uploads\/2024\/10\/53784444397_808c02e483_o-edited-1153x1536.jpg 1153w, https:\/\/socialinnovationforum.ca\/wp-content\/uploads\/2024\/10\/53784444397_808c02e483_o-edited-1537x2048.jpg 1537w, https:\/\/socialinnovationforum.ca\/wp-content\/uploads\/2024\/10\/53784444397_808c02e483_o-edited-9x12.jpg 9w\" sizes=\"auto, (max-width: 1921px) 100vw, 1921px\" \/><\/figure>\n<\/div>\n<\/div>\n<\/div>\n<\/div>\n\n\n\n<div class=\"wp-block-group alignfull has-quaternary-background-color has-background coblocks-animate is-nowrap is-layout-flex wp-container-core-group-is-layout-ad2f72ca wp-block-group-is-layout-flex\" data-coblocks-animation=\"slideInLeft\">\n<h2 class=\"wp-block-heading alignfull has-text-align-center has-text-color has-link-color wp-elements-810876e2a1d2b70329530d90d3b27de8\" style=\"color:#fcba4d;font-size:43px\">Joignez-vous \u00e0 la conversation les 1-3 juin 2026 \u00e0 Calgary!<\/h2>\n\n\n\n<div class=\"wp-block-buttons is-content-justification-center is-layout-flex wp-container-core-buttons-is-layout-16018d1d wp-block-buttons-is-layout-flex\">\n<div class=\"wp-block-button is-style-outline is-style-outline--5\"><a class=\"wp-block-button__link has-text-color has-link-color has-medium-font-size has-custom-font-size wp-element-button\" href=\"https:\/\/socialinnovationforum.ca\/fr\/forum-2026\/\" style=\"color:#1a2954;font-style:normal;font-weight:700\">En apprendre davantage sur FCIS 2026<\/a><\/div>\n\n\n\n<div class=\"wp-block-button is-style-outline is-style-outline--6\"><a class=\"wp-block-button__link has-text-color has-link-color has-medium-font-size has-custom-font-size wp-element-button\" href=\"https:\/\/socialinnovationforum.ca\/fr\/become-a-partner\/\" style=\"color:#1a2954;font-style:normal;font-weight:700\">Devenez partenaire<\/a><\/div>\n<\/div>\n<\/div>\n<\/div>\n<\/div>\n<\/div><\/div>\n<\/div><\/div>\n<\/div>\n<\/div>\n<\/div>\n<\/div>\n<\/div><\/div>\n\n\n\n<div class=\"wp-block-columns alignwide are-vertically-aligned-top is-layout-flex wp-container-core-columns-is-layout-9d6595d7 wp-block-columns-is-layout-flex\">\n<div class=\"wp-block-column is-vertically-aligned-top is-layout-flow wp-block-column-is-layout-flow\">\n<h4 class=\"wp-block-heading has-text-align-center has-text-color has-link-color wp-elements-d5ed8ad07341aebb87deb6f91676d5e1\" style=\"color:#1a2954;font-size:35px\">Fa\u00e7onnez la vision<\/h4>\n\n\n\n<p class=\"has-text-align-left has-quaternary-color has-text-color has-background has-link-color has-custom-lineheight has-custom-letterspacing wp-elements-361991c4fb119b449cff09a113679c03\" style=\"background-color:#c11031;line-height:1.8;letter-spacing:-0.9px\">La vision de nos partenaires \u00e9clairera le dialogue national et aidera \u00e0 d\u00e9finir la feuille de route pour l\u2019\u00e9cosyst\u00e8me de l\u2019innovation sociale du Canada. Les ateliers sont structur\u00e9s de mani\u00e8re \u00e0 donner aux participants l\u2019occasion de d\u00e9finir leur propre r\u00f4le et de positionner leur organisation au c\u0153ur de la recherche concert\u00e9e et du plan d\u2019action de la strat\u00e9gie d\u2019innovation sociale du Canada.<\/p>\n<\/div>\n\n\n\n<div class=\"wp-block-column is-vertically-aligned-top is-layout-flow wp-block-column-is-layout-flow\">\n<h4 class=\"wp-block-heading has-text-align-center has-text-color has-link-color wp-elements-d79e2d368068f7e9d2962745eea92f12\" style=\"color:#1a2954;font-size:35px\">D\u00e9veloppez vos r\u00e9seaux<\/h4>\n\n\n\n<p class=\"has-text-align-left has-quaternary-color has-text-color has-background has-link-color has-custom-lineheight wp-elements-41de208baa88f86290896ab99a555416\" style=\"background-color:#c11031;line-height:1.8\">Faites la connaissance des leaders de l'innovation, des d\u00e9cideurs et des facilitateurs de l'ensemble de l'\u00e9cosyst\u00e8me de l'innovation et augmentez la connectivit\u00e9 de votre organisation. B\u00e9n\u00e9ficiez d'opportunit\u00e9s formelles et informelles, dans un espace d\u00e9di\u00e9 \u00e0 favoriser les liens, l'impact mutuel et l'action collective.<\/p>\n<\/div>\n\n\n\n<div class=\"wp-block-column is-layout-flow wp-block-column-is-layout-flow\">\n<h4 class=\"wp-block-heading has-text-align-center has-text-color has-link-color has-huge-font-size wp-elements-471b95ac0b3a6f0bd87abeb38f7ec82b\" style=\"color:#1a2954;font-size:35px\">Augmentez votre impact <\/h4>\n\n\n\n<p class=\"has-quaternary-color has-text-color has-background has-link-color has-custom-lineheight wp-elements-7a92193deeec94fa97b9854bd39e542f\" style=\"background-color:#c11031;line-height:1.8\">Les partenaires sont impliqu\u00e9s \u00e0 chaque \u00e9tape du processus, depuis l'\u00e9tablissement du programme jusqu'\u00e0 la participation aux ateliers pr\u00e9paratoires et aux dialogues pour informer la recherche concert\u00e9e et le plan d'action. Apportez vos points de vue. Remettez en question le status quo. Repoussez les limites du possible en ayant un impact significatif.<\/p>\n<\/div>\n<\/div>\n\n\n\n<div class=\"wp-block-group alignfull has-background coblocks-animate is-vertical is-content-justification-right is-layout-flex wp-container-core-group-is-layout-b6c475e2 wp-block-group-is-layout-flex\" style=\"background-color:#fdba4d\" data-coblocks-animation=\"slideInLeft\">\n<div class=\"wp-block-button has-custom-width wp-block-button__width-75 aligncenter is-style-outline is-style-outline--7\" style=\"font-size:53px\"><a class=\"wp-block-button__link has-text-color has-background has-link-color has-large-font-size has-custom-font-size wp-element-button\" href=\"https:\/\/socialinnovationforum.ca\/fr\/invitation-request\/\" style=\"border-radius:0px;color:#1a2954;background-color:#fcba4d;padding-top:var(--wp--preset--spacing--50);padding-right:var(--wp--preset--spacing--40);padding-bottom:var(--wp--preset--spacing--50);padding-left:var(--wp--preset--spacing--40)\" target=\"_blank\" rel=\"noreferrer noopener\">Contactez-nous<\/a><\/div>\n\n\n\n<h2 class=\"wp-block-heading has-text-align-right has-text-color has-link-color wp-elements-81d15e6475ade6d39084922d266af0e8 wp-container-content-9cfa9a5a\" style=\"color:#1a2954;font-style:normal;font-weight:400\">Request an invitation to the next edition of the Canadian Forum for Social Innovation in Calgary 1-3 June 2026<\/h2>\n<\/div>\n\n\n\n<h2 class=\"wp-block-heading has-text-align-center has-text-color has-link-color wp-elements-fccf8b5c9bb8576bfd06e38847e5644c\" style=\"color:#1a2954\">Nouvelles\/Recent Posts<\/h2>\n\n\n<div class=\"wp-block-coblocks-posts is-style-stacked alignwide\"><div class=\"wp-block-coblocks-posts__inner has-columns has-3-columns has-responsive-columns has-square-image has-large-gutter\"><div class=\"wp-block-coblocks-posts__item\"><div class=\"wp-block-coblocks-posts__content flex-start\"><a href=\"https:\/\/socialinnovationforum.ca\/fr\/connectivity-capacity-and-infrastructure-for-place-based-innovation\/\" alt=\"CONNECTIVITY, CAPACITY and INFRASTRUCTURE for PLACE-BASED INNOVATION\">CONNECTIVIT\u00c9, CAPACIT\u00c9 et INFRASTRUCTURE pour l'INNOVATION TERRITORIALE<\/a><div class=\"wp-block-coblocks-posts__excerpt\">Proceedings of the 3rd Meeting of the Canadian Forum for Social Innovation The third edition of the Canadian Forum for Social Innovation convened in Halifax &hellip; <\/div><\/div><\/div><div class=\"wp-block-coblocks-posts__item\"><div class=\"wp-block-coblocks-posts__content flex-start\"><a href=\"https:\/\/socialinnovationforum.ca\/fr\/big-thinking-summit-future-ready-graduate-education-in-canada\/\" alt=\"Big Thinking Summit. Future-Ready Graduate Education in Canada\">Sommet Voir Grand. \u00c9tudes sup\u00e9rieures au Canada : pr\u00eates pour l'avenir<\/a><div class=\"wp-block-coblocks-posts__excerpt\">Canada\u2019s higher education and postgraduate training systems are crucial part of the scientific enterprise, but they are not yet fully aligned with the needs of &hellip; <\/div><\/div><\/div><div class=\"wp-block-coblocks-posts__item\"><div class=\"wp-block-coblocks-posts__content flex-start\"><a href=\"https:\/\/socialinnovationforum.ca\/fr\/a-roadmap-for-inclusive-and-collaborative-innovation-across-sectors-in-canada\/\" alt=\"A ROADMAP for INCLUSIVE and COLLABORATIVE INNOVATION ACROSS SECTORS in CANADA\">Une FEUILLE de ROUTE pour l'INNOVATION INCLUSIVE et COLLABORATIVE dans TOUS les SECTEURS au CANADA<\/a><div class=\"wp-block-coblocks-posts__excerpt\">Download the report The Canadian Forum for Social Innovation aims to advance Canada&#039;s innovation agenda by creating alignment and exploring key actions on policies and &hellip; <\/div><\/div><\/div><div class=\"wp-block-coblocks-posts__item\"><div class=\"wp-block-coblocks-posts__content flex-start\"><a href=\"https:\/\/socialinnovationforum.ca\/fr\/building-capacity-for-a-mission-driveninnovation-ecosystem\/\" alt=\"BUILDING CAPACITY FOR A MISSION-DRIVEN INNOVATION ECOSYSTEM\">BUILDING CAPACITY FOR A MISSION-DRIVEN INNOVATION ECOSYSTEM<\/a><div class=\"wp-block-coblocks-posts__excerpt\">To address emergent societal challenges and generate societal prosperity, mission-based innovation needs to be grounded in apt approaches to complexity and knowledge management. This involves &hellip; <\/div><\/div><\/div><div class=\"wp-block-coblocks-posts__item\"><div class=\"wp-block-coblocks-posts__content flex-start\"><a href=\"https:\/\/socialinnovationforum.ca\/fr\/roadmap-for-canadas-social-innovation-ecosystem\/\" alt=\"Roadmap for Canada&#8217;s Social Innovation Ecosystem\">Une feuille de route pour l'\u00e9cosyst\u00e8me de l'innovation sociale au Canada<\/a><div class=\"wp-block-coblocks-posts__excerpt\">The Canadian Forum for Social Innovation is leading a national dialogue that will leverage co-design and backcasting methodologies to generate a Roadmap for Canada\u2019s Innovation &hellip; <\/div><\/div><\/div><div class=\"wp-block-coblocks-posts__item\"><div class=\"wp-block-coblocks-posts__content flex-start\"><a href=\"https:\/\/socialinnovationforum.ca\/fr\/innovation-by-design\/\" alt=\"Innovation by Design\">Innovation by Design<\/a><div class=\"wp-block-coblocks-posts__excerpt\">The McMaster University Innovation by Design Roundtables are part of 13 consultations hosted at universities across Canada between December 2023 and February 2024. They are &hellip; <\/div><\/div><\/div><div class=\"wp-block-coblocks-posts__item\"><div class=\"wp-block-coblocks-posts__content flex-start\"><a href=\"https:\/\/socialinnovationforum.ca\/fr\/the-la-collaborative\/\" alt=\"The\/La Collaborative\">The\/La Collaborative<\/a><div class=\"wp-block-coblocks-posts__excerpt\">A multi-institutions network led from McMaster University dedicated to enhancing social sciences, humanities and arts\u2019 contribution to innovation through campus to community partnerships. discover the\/la &hellip; <\/div><\/div><\/div><div class=\"wp-block-coblocks-posts__item\"><div class=\"wp-block-coblocks-posts__content flex-start\"><a href=\"https:\/\/socialinnovationforum.ca\/fr\/canadian-forum-for-social-innovation-consensus-report\/\" alt=\"Canadian Forum for Social Innovation. Consensus Report.\">Canadian Forum for Social Innovation. Consensus Report.<\/a><div class=\"wp-block-coblocks-posts__excerpt\">As we move beyond the linear economic model of economic growth into a circular economy paradigm informed by Sustainable Development Goals and requiring high capacity &hellip; <\/div><\/div><\/div><\/div><\/div>","protected":false},"excerpt":{"rendered":"<p>What is the Canadian Forum for Social Innovation? Since 2022 the Canadian Forum for Social Innovation is convening stakeholders from higher education, the social sector, municipal, provincial and federal governments and community nonprofits for panels, catalyst roundtables, deliberative dialogues and concertation workshops to create alignment on various aspects of Canada&#8217;s innovation strategy to bolster prosperity [&hellip;]<\/p>\n","protected":false},"author":0,"featured_media":0,"parent":0,"menu_order":0,"comment_status":"closed","ping_status":"closed","template":"","meta":{"_coblocks_attr":"LatoLato,Fira Sans,","_coblocks_dimensions":"","_coblocks_responsive_height":"","_coblocks_accordion_ie_support":"","hide_page_title":"","footnotes":""},"class_list":["post-18","page","type-page","status-publish","hentry"],"_links":{"self":[{"href":"https:\/\/socialinnovationforum.ca\/fr\/wp-json\/wp\/v2\/pages\/18","targetHints":{"allow":["GET"]}}],"collection":[{"href":"https:\/\/socialinnovationforum.ca\/fr\/wp-json\/wp\/v2\/pages"}],"about":[{"href":"https:\/\/socialinnovationforum.ca\/fr\/wp-json\/wp\/v2\/types\/page"}],"replies":[{"embeddable":true,"href":"https:\/\/socialinnovationforum.ca\/fr\/wp-json\/wp\/v2\/comments?post=18"}],"version-history":[{"count":233,"href":"https:\/\/socialinnovationforum.ca\/fr\/wp-json\/wp\/v2\/pages\/18\/revisions"}],"predecessor-version":[{"id":1503,"href":"https:\/\/socialinnovationforum.ca\/fr\/wp-json\/wp\/v2\/pages\/18\/revisions\/1503"}],"wp:attachment":[{"href":"https:\/\/socialinnovationforum.ca\/fr\/wp-json\/wp\/v2\/media?parent=18"}],"curies":[{"name":"wp","href":"https:\/\/api.w.org\/{rel}","templated":true}]}}