{"id":179,"date":"2023-12-15T00:28:07","date_gmt":"2023-12-15T00:28:07","guid":{"rendered":"https:\/\/socialinnovationforum.ca\/?page_id=179"},"modified":"2026-01-05T21:47:44","modified_gmt":"2026-01-05T21:47:44","slug":"invitation-request","status":"publish","type":"page","link":"https:\/\/socialinnovationforum.ca\/fr\/invitation-request\/","title":{"rendered":"Request an Invitation"},"content":{"rendered":"<p><\/p>\n\n\n\n<h2 class=\"wp-block-heading has-text-align-center has-text-color has-link-color wp-elements-73bf76d802c7c2f17f163a5ce0369f04\" style=\"color:#1a2954\">FAITES le changement<\/h2>\n\n\n\n<h2 class=\"wp-block-heading has-text-align-center has-text-color has-link-color wp-elements-9340eae0a5f0e1e2f7ce6e55ac22cc26\" style=\"color:#1a2954\">Demandez une invitation \u00e0 CFSI 2025, 1-2 juin 2026<\/h2>\n\n\n\n<p>La participation au Forum canadien pour l\u2019innovation sociale se fait sur invitation uniquement et toutes les discussions se d\u00e9roulent selon les r\u00e8gles de Chatham House. <\/p>\n\n\n\n<p><\/p>\n\n\n\n<p>Les participants contribuent \u00e0 des dialogues d\u00e9lib\u00e9ratifs et \u00e0 des ateliers de r\u00e9flexion, afin de cr\u00e9er un alignement sur les questions cl\u00e9s et un consensus autour des strat\u00e9gies politiques afin d'\u00e9clairer l'action collective pour prosp\u00e9rit\u00e9 sociale, environnementale, culturelle et \u00e9conomique et d.<\/p>\n\n\n\n<div class=\"wp-block-buttons is-content-justification-center is-layout-flex wp-container-core-buttons-is-layout-16018d1d wp-block-buttons-is-layout-flex\">\n<div class=\"wp-block-button has-custom-width wp-block-button__width-100 is-style-outline is-style-outline--1\"><a class=\"wp-block-button__link has-text-color has-link-color has-medium-font-size has-text-align-center has-custom-font-size wp-element-button\" href=\"https:\/\/docs.google.com\/forms\/d\/e\/1FAIpQLSe9-mzpMzNQYE5ovepm-m9BXtdtDuGt-PR6nVm-hEAlo4vgqg\/viewform?usp=header\" style=\"color:#c11031;padding-top:var(--wp--preset--spacing--70);padding-right:var(--wp--preset--spacing--20);padding-bottom:var(--wp--preset--spacing--70);padding-left:var(--wp--preset--spacing--20)\">request an invitation &#8211; google form<\/a><\/div>\n<\/div>\n\n\n<div class=\"wp-block-image wp-duotone-rgb000-1a2a5417-2\">\n<figure class=\"aligncenter size-large is-resized\"><img loading=\"lazy\" decoding=\"async\" width=\"1024\" height=\"683\" src=\"https:\/\/socialinnovationforum.ca\/wp-content\/uploads\/2025\/09\/DSC09375-1024x683.jpg\" alt=\"\" class=\"wp-image-1390\" style=\"width:492px;height:auto\" srcset=\"https:\/\/socialinnovationforum.ca\/wp-content\/uploads\/2025\/09\/DSC09375-1024x683.jpg 1024w, https:\/\/socialinnovationforum.ca\/wp-content\/uploads\/2025\/09\/DSC09375-300x200.jpg 300w, https:\/\/socialinnovationforum.ca\/wp-content\/uploads\/2025\/09\/DSC09375-768x512.jpg 768w, https:\/\/socialinnovationforum.ca\/wp-content\/uploads\/2025\/09\/DSC09375-1536x1024.jpg 1536w, https:\/\/socialinnovationforum.ca\/wp-content\/uploads\/2025\/09\/DSC09375-2048x1365.jpg 2048w, https:\/\/socialinnovationforum.ca\/wp-content\/uploads\/2025\/09\/DSC09375-18x12.jpg 18w\" sizes=\"auto, (max-width: 1024px) 100vw, 1024px\" \/><\/figure>\n<\/div>\n\n\n<div style=\"height:36px\" aria-hidden=\"true\" class=\"wp-block-spacer\"><\/div>\n\n\n<div class=\"wp-block-image\">\n<figure class=\"aligncenter size-full is-resized\"><img loading=\"lazy\" decoding=\"async\" width=\"151\" height=\"151\" src=\"https:\/\/socialinnovationforum.ca\/wp-content\/uploads\/2026\/01\/Forum-Logo-2023-Yellow-Icon-2.png\" alt=\"\" class=\"wp-image-1499\" style=\"width:79px;height:auto\" srcset=\"https:\/\/socialinnovationforum.ca\/wp-content\/uploads\/2026\/01\/Forum-Logo-2023-Yellow-Icon-2.png 151w, https:\/\/socialinnovationforum.ca\/wp-content\/uploads\/2026\/01\/Forum-Logo-2023-Yellow-Icon-2-12x12.png 12w\" sizes=\"auto, (max-width: 151px) 100vw, 151px\" \/><\/figure>\n<\/div>\n\n\n<h3 class=\"wp-block-heading has-text-align-center has-text-color has-link-color wp-elements-7cd83b63d398c8671bdd61b40f480722\" style=\"color:#1a2954\">Incription of Symposium FCIS, 3 juin 2026<\/h3>\n\n\n\n<div class=\"wp-block-buttons is-content-justification-center is-layout-flex wp-container-core-buttons-is-layout-16018d1d wp-block-buttons-is-layout-flex\">\n<div class=\"wp-block-button is-style-outline is-style-outline--3\"><a class=\"wp-block-button__link has-text-color has-link-color has-small-font-size has-text-align-center has-custom-font-size wp-element-button\" style=\"color:#1a2954\">\u00c0 venir<\/a><\/div>\n<\/div>","protected":false},"excerpt":{"rendered":"<p>MAKE the Change. Request an Invitation to CFSI, 1-2 June 2026 Participation to the Canadian Forum for Social Innovation is by invitation only, and all discussions proceed under Chatham House rules. Participants contribute to deliberative dialogues and sense-making workshops, to create alignment and agreement about key issues on policy strategy for social, environmental, cultural and [&hellip;]<\/p>\n","protected":false},"author":1,"featured_media":0,"parent":0,"menu_order":0,"comment_status":"closed","ping_status":"closed","template":"","meta":{"_coblocks_attr":"","_coblocks_dimensions":"","_coblocks_responsive_height":"","_coblocks_accordion_ie_support":"","hide_page_title":"","footnotes":""},"class_list":["post-179","page","type-page","status-publish","hentry"],"_links":{"self":[{"href":"https:\/\/socialinnovationforum.ca\/fr\/wp-json\/wp\/v2\/pages\/179","targetHints":{"allow":["GET"]}}],"collection":[{"href":"https:\/\/socialinnovationforum.ca\/fr\/wp-json\/wp\/v2\/pages"}],"about":[{"href":"https:\/\/socialinnovationforum.ca\/fr\/wp-json\/wp\/v2\/types\/page"}],"author":[{"embeddable":true,"href":"https:\/\/socialinnovationforum.ca\/fr\/wp-json\/wp\/v2\/users\/1"}],"replies":[{"embeddable":true,"href":"https:\/\/socialinnovationforum.ca\/fr\/wp-json\/wp\/v2\/comments?post=179"}],"version-history":[{"count":37,"href":"https:\/\/socialinnovationforum.ca\/fr\/wp-json\/wp\/v2\/pages\/179\/revisions"}],"predecessor-version":[{"id":1500,"href":"https:\/\/socialinnovationforum.ca\/fr\/wp-json\/wp\/v2\/pages\/179\/revisions\/1500"}],"wp:attachment":[{"href":"https:\/\/socialinnovationforum.ca\/fr\/wp-json\/wp\/v2\/media?parent=179"}],"curies":[{"name":"wp","href":"https:\/\/api.w.org\/{rel}","templated":true}]}}