{"id":1450,"date":"2025-11-08T20:44:42","date_gmt":"2025-11-08T20:44:42","guid":{"rendered":"https:\/\/socialinnovationforum.ca\/?page_id=1450"},"modified":"2026-05-11T21:00:45","modified_gmt":"2026-05-11T21:00:45","slug":"forum-2026","status":"publish","type":"page","link":"https:\/\/socialinnovationforum.ca\/fr\/forum-2026\/","title":{"rendered":"Forum 2026"},"content":{"rendered":"<figure class=\"wp-block-image size-large is-style-top-wave wp-duotone-1a2954-ffffff-1\"><img loading=\"lazy\" decoding=\"async\" width=\"1024\" height=\"684\" src=\"https:\/\/socialinnovationforum.ca\/wp-content\/uploads\/2024\/06\/53785803585_a6b5eff4d1_o-1024x684.jpg\" alt=\"\" class=\"wp-image-1004\" srcset=\"https:\/\/socialinnovationforum.ca\/wp-content\/uploads\/2024\/06\/53785803585_a6b5eff4d1_o-1024x684.jpg 1024w, https:\/\/socialinnovationforum.ca\/wp-content\/uploads\/2024\/06\/53785803585_a6b5eff4d1_o-300x200.jpg 300w, https:\/\/socialinnovationforum.ca\/wp-content\/uploads\/2024\/06\/53785803585_a6b5eff4d1_o-768x513.jpg 768w, https:\/\/socialinnovationforum.ca\/wp-content\/uploads\/2024\/06\/53785803585_a6b5eff4d1_o-1536x1025.jpg 1536w, https:\/\/socialinnovationforum.ca\/wp-content\/uploads\/2024\/06\/53785803585_a6b5eff4d1_o-2048x1367.jpg 2048w, https:\/\/socialinnovationforum.ca\/wp-content\/uploads\/2024\/06\/53785803585_a6b5eff4d1_o-18x12.jpg 18w\" sizes=\"auto, (max-width: 1024px) 100vw, 1024px\" \/><\/figure>\n\n\n\n<h2 class=\"wp-block-heading has-text-color has-link-color wp-elements-9865e6b667bda94041144696d2997ad6\" style=\"color:#c11031\">Joignez-vous \u00e0 nous \u00e0 l'Universit\u00e9 de Calgary, 1-3 juin 2026, pour la 4e \u00e9dition du Forum et le nouveau Symposium du FCIS.<\/h2>\n\n\n\n<p>Le <a href=\"https:\/\/socialinnovationforum.ca\/fr\/forum-2026\/\" data-type=\"link\" data-id=\"ccsip.org\">Forum canadien pour l'innovation sociale<\/a> et le <a href=\"https:\/\/sciencepolicy.ca\/fr\/\" data-type=\"link\" data-id=\"sciencepolicy.ca\">Centre canadien pour les politiques scientifiques<\/a> font partenariat avec le <a href=\"https:\/\/fsc-ccf.ca\/fr\/\">Centre des comp\u00e9tences futures<\/a> pour un \u00e9v\u00e9nement sur le th\u00e8me: La prosp\u00e9rit\u00e9 gr\u00e2ce au talent.<\/p>\n\n\n\n<figure class=\"wp-block-image size-full\"><img loading=\"lazy\" decoding=\"async\" width=\"960\" height=\"540\" src=\"https:\/\/socialinnovationforum.ca\/wp-content\/uploads\/2026\/05\/Slide2.jpeg\" alt=\"\" class=\"wp-image-1630\" srcset=\"https:\/\/socialinnovationforum.ca\/wp-content\/uploads\/2026\/05\/Slide2.jpeg 960w, https:\/\/socialinnovationforum.ca\/wp-content\/uploads\/2026\/05\/Slide2-300x169.jpeg 300w, https:\/\/socialinnovationforum.ca\/wp-content\/uploads\/2026\/05\/Slide2-768x432.jpeg 768w, https:\/\/socialinnovationforum.ca\/wp-content\/uploads\/2026\/05\/Slide2-18x10.jpeg 18w\" sizes=\"auto, (max-width: 960px) 100vw, 960px\" \/><\/figure>\n\n\n\n<h4 class=\"wp-block-heading has-text-align-center has-text-color has-link-color wp-elements-f58fa23935c059d0a9261ca6c20c1749\" style=\"color:#c11031\">1-2 juin: le Forum<\/h4>\n\n\n\n<p class=\"has-text-color has-link-color wp-elements-dd9ae2b60c75724420aa1263ea947eb2\" style=\"color:#1a2954\">En s'appuyant sur des donn\u00e9es probantes et un consensus \u00e9mergent, des ateliers d\u00e9lib\u00e9ratifs alterneront avec des tables rondes  catalytiques afin d'\u00e9tablie un plan d\u2019action pour une strat\u00e9gie 'talent' qui r\u00e9pond aux d\u00e9fis actuels de l\u2019enseignement sup\u00e9rieur, aux besoins de nos \u00e9cosyst\u00e8mes d\u2019innovation et qui est ancr\u00e9e dans une vision de prosp\u00e9rit\u00e9 ax\u00e9e sur les valeurs propres au Canada.<\/p>\n\n\n\n<div class=\"wp-block-buttons is-content-justification-center is-layout-flex wp-container-core-buttons-is-layout-16018d1d wp-block-buttons-is-layout-flex\">\n<div class=\"wp-block-button is-style-outline is-style-outline--2\"><a class=\"wp-block-button__link has-text-color has-link-color has-large-font-size has-custom-font-size wp-element-button\" href=\"https:\/\/socialinnovationforum.ca\/wp-content\/uploads\/2026\/05\/Draft-Program-v9.pdf\" style=\"color:#c11031\">TELECHARGER LE PROGRAMME<\/a><\/div>\n<\/div>\n\n\n\n<figure class=\"wp-block-image size-full\"><img loading=\"lazy\" decoding=\"async\" width=\"960\" height=\"540\" src=\"https:\/\/socialinnovationforum.ca\/wp-content\/uploads\/2026\/05\/Slide3.jpeg\" alt=\"\" class=\"wp-image-1633\" srcset=\"https:\/\/socialinnovationforum.ca\/wp-content\/uploads\/2026\/05\/Slide3.jpeg 960w, https:\/\/socialinnovationforum.ca\/wp-content\/uploads\/2026\/05\/Slide3-300x169.jpeg 300w, https:\/\/socialinnovationforum.ca\/wp-content\/uploads\/2026\/05\/Slide3-768x432.jpeg 768w, https:\/\/socialinnovationforum.ca\/wp-content\/uploads\/2026\/05\/Slide3-18x10.jpeg 18w\" sizes=\"auto, (max-width: 960px) 100vw, 960px\" \/><\/figure>\n\n\n\n<div style=\"height:10px\" aria-hidden=\"true\" class=\"wp-block-spacer\"><\/div>\n\n\n\n\n\n<div style=\"height:13px\" aria-hidden=\"true\" class=\"wp-block-spacer\"><\/div>\n\n\n\n<h4 class=\"wp-block-heading has-text-align-center has-text-color has-link-color wp-elements-63a1e3110027339a0ae02c7496a4dafa\" style=\"color:#c11031\">3 juin: le nouveau Symposium FCSI<\/h4>\n\n\n\n<p class=\"has-text-color has-link-color wp-elements-faa809f4bcb7aabc515e9165563d93c5\" style=\"color:#1a2954\">Dans une \u00e9conomie ax\u00e9e sur le savoir, les universit\u00e9s canadiennes jouent un r\u00f4le central dans la mise en \u0153uvre de la strat\u00e9gie nationale en mati\u00e8re de sciences et de recherche. Elles produisent, valorisent et diffusent des connaissances qui favorisent l\u2019innovation \u00e9conomique, sociale et publique, la comp\u00e9titivit\u00e9 nationale, une r\u00e9glementation efficace et le bien-\u00eatre de la soci\u00e9t\u00e9. Afin de maximiser la valeur publique et l\u2019adoption des donn\u00e9es probantes, des innovations et de l\u2019expertise issues de la recherche, les parties prenantes doivent s\u2019accorder sur ces objectifs strat\u00e9giques plus larges.<\/p>\n\n\n\n<p class=\"has-text-color has-link-color wp-elements-514522f6c561f4e43405817d2c86ee43\" style=\"color:#1a2954\">On June 3rd, the CFSI Symposium will launch the Strategic Science and Innovation Leadership Initiative (SSIL) by convening a high-level national dialogue on the science and innovation strategy Canada needs to support a more holistic approach to conceiving, implementing and maintaining the conditions for inclusive prosperity. <\/p>\n\n\n\n<div class=\"wp-block-buttons is-content-justification-center is-layout-flex wp-container-core-buttons-is-layout-16018d1d wp-block-buttons-is-layout-flex\">\n<div class=\"wp-block-button is-style-outline is-style-outline--4\"><a class=\"wp-block-button__link has-text-color has-link-color has-medium-font-size has-custom-font-size wp-element-button\" href=\"https:\/\/socialinnovationforum.ca\/wp-content\/uploads\/2026\/05\/Draft-Program-SSIL-ONLY.pdf\" style=\"color:#1a2954\">ordre du jour 3 juin<\/a><\/div>\n<\/div>\n\n\n\n<figure class=\"wp-block-image size-large\"><img loading=\"lazy\" decoding=\"async\" width=\"768\" height=\"1024\" src=\"https:\/\/socialinnovationforum.ca\/wp-content\/uploads\/2026\/04\/SSIL-flyer-16-April-768x1024.jpg\" alt=\"\" class=\"wp-image-1609\" srcset=\"https:\/\/socialinnovationforum.ca\/wp-content\/uploads\/2026\/04\/SSIL-flyer-16-April-768x1024.jpg 768w, https:\/\/socialinnovationforum.ca\/wp-content\/uploads\/2026\/04\/SSIL-flyer-16-April-225x300.jpg 225w, https:\/\/socialinnovationforum.ca\/wp-content\/uploads\/2026\/04\/SSIL-flyer-16-April-9x12.jpg 9w, https:\/\/socialinnovationforum.ca\/wp-content\/uploads\/2026\/04\/SSIL-flyer-16-April.jpg 960w\" sizes=\"auto, (max-width: 768px) 100vw, 768px\" \/><\/figure>\n\n\n\n<p class=\"has-text-color has-link-color wp-elements-121275f30d1ea20a7fbaf5fa15ee5175\" style=\"color:#1a2954\">Le 3 juin, le Symposium du FCSI organisera un dialogue national de haut niveau sur la strat\u00e9gie scientifique et de recherche dont le Canada a besoin pour soutenir une approche plus globale \u00e0 la conception, la mise en \u0153uvre et le maintien des conditions d\u2019une prosp\u00e9rit\u00e9 inclusive. Le Symposium r\u00e9unira des dirigeants d'institutions post-secondaires, d\u2019industries et d\u2019organismes sans but lucratif, des d\u00e9cideurs politiques, des bailleurs de fonds, ainsi que des sp\u00e9cialistes du renforcement des capacit\u00e9s afin d\u2019examiner comment la science et la recherche peuvent appuyer les ambitions du Canada dans tous les secteurs. Le programme invitera des leaders nationaux \u00e0 partager leurs points de vue sur les progr\u00e8s r\u00e9cents et les approches \u00e9mergentes en mati\u00e8re d\u2019excellence et d\u2019impact de la recherche, et explorera comment les universit\u00e9s et les coll\u00e8ges peuvent jouer un r\u00f4le moteur dans le changement au sein de l\u2019\u00e9cosyst\u00e8me de la science et de l\u2019innovation au Canada.<\/p>\n\n\n\n<div style=\"height:13px\" aria-hidden=\"true\" class=\"wp-block-spacer\"><\/div>\n\n\n\n<div class=\"wp-block-buttons is-content-justification-center is-layout-flex wp-container-core-buttons-is-layout-16018d1d wp-block-buttons-is-layout-flex\">\n<div class=\"wp-block-button has-custom-width wp-block-button__width-100 is-style-outline is-style-outline--5\"><a class=\"wp-block-button__link has-quaternary-background-color has-text-color has-background has-link-color has-large-font-size has-custom-font-size wp-element-button\" href=\"https:\/\/www.eventzilla.net\/e\/canadian-forum-for-social-innovation-symposium-2138673688\" style=\"color:#1a2954\">Inscrivez-vous au Symposium<\/a><\/div>\n<\/div>\n\n\n\n<p class=\"is-style-error\">Veuillez noter que si le symposium du CFSI est ouvert \u00e0 tous, la s\u00e9ance de r\u00e9flexion d\u00e9lib\u00e9rative du CFSI, qui se tiendra les 1er et 2 juin, se fera uniquement sur invitation. Les personnes souhaitant participer \u00e0 cette s\u00e9ance doivent avoir re\u00e7u une invitation s\u00e9par\u00e9e. Vous pouvez en faire la demande ci-dessous.<\/p>\n\n\n\n<div class=\"wp-block-buttons is-content-justification-center is-layout-flex wp-container-core-buttons-is-layout-16018d1d wp-block-buttons-is-layout-flex\">\n<div class=\"wp-block-button has-custom-width wp-block-button__width-100 is-style-outline is-style-outline--6\"><a class=\"wp-block-button__link has-quaternary-background-color has-text-color has-background has-link-color has-medium-font-size has-custom-font-size wp-element-button\" href=\"https:\/\/socialinnovationforum.ca\/fr\/invitation-request\/\" style=\"color:#c11031\">request an invitation to CFSI<\/a><\/div>\n<\/div>\n\n\n\n<div style=\"height:27px\" aria-hidden=\"true\" class=\"wp-block-spacer\"><\/div>\n\n\n\n<h3 class=\"wp-block-heading has-text-align-center has-text-color has-link-color wp-elements-4751d418542f1eafc0e305ff0d2fc6b0\" style=\"color:#c11031\">Sponsors\/Partners<\/h3>\n\n\n\n<div aria-label=\"Offset Gallery\" class=\"wp-block-coblocks-gallery-offset alignwide\"><ul class=\"coblocks-gallery has-caption-style-dark has-medium-images has-large-gutter\"><li class=\"coblocks-gallery--item\"><figure class=\"wp-block-coblocks-gallery-offset__figure\"><img loading=\"lazy\" decoding=\"async\" width=\"960\" height=\"960\" src=\"https:\/\/socialinnovationforum.ca\/wp-content\/uploads\/2026\/03\/logos-azrieli-2026.jpg\" alt=\"\" data-id=\"1571\" data-imglink=\"\" data-link=\"https:\/\/socialinnovationforum.ca\/forum-2026\/logos-azrieli-2026\/\" class=\"wp-image-1571\" srcset=\"https:\/\/socialinnovationforum.ca\/wp-content\/uploads\/2026\/03\/logos-azrieli-2026.jpg 960w, https:\/\/socialinnovationforum.ca\/wp-content\/uploads\/2026\/03\/logos-azrieli-2026-300x300.jpg 300w, https:\/\/socialinnovationforum.ca\/wp-content\/uploads\/2026\/03\/logos-azrieli-2026-150x150.jpg 150w, https:\/\/socialinnovationforum.ca\/wp-content\/uploads\/2026\/03\/logos-azrieli-2026-768x768.jpg 768w, https:\/\/socialinnovationforum.ca\/wp-content\/uploads\/2026\/03\/logos-azrieli-2026-12x12.jpg 12w\" sizes=\"auto, (max-width: 960px) 100vw, 960px\" \/><\/figure><\/li><li class=\"coblocks-gallery--item\"><figure class=\"wp-block-coblocks-gallery-offset__figure\"><img loading=\"lazy\" decoding=\"async\" width=\"960\" height=\"960\" src=\"https:\/\/socialinnovationforum.ca\/wp-content\/uploads\/2026\/03\/Slide4-1.jpeg\" alt=\"\" data-id=\"1570\" data-imglink=\"\" data-link=\"https:\/\/socialinnovationforum.ca\/forum-2026\/slide4-2\/\" class=\"wp-image-1570\" srcset=\"https:\/\/socialinnovationforum.ca\/wp-content\/uploads\/2026\/03\/Slide4-1.jpeg 960w, https:\/\/socialinnovationforum.ca\/wp-content\/uploads\/2026\/03\/Slide4-1-300x300.jpeg 300w, https:\/\/socialinnovationforum.ca\/wp-content\/uploads\/2026\/03\/Slide4-1-150x150.jpeg 150w, https:\/\/socialinnovationforum.ca\/wp-content\/uploads\/2026\/03\/Slide4-1-768x768.jpeg 768w, https:\/\/socialinnovationforum.ca\/wp-content\/uploads\/2026\/03\/Slide4-1-12x12.jpeg 12w\" sizes=\"auto, (max-width: 960px) 100vw, 960px\" \/><\/figure><\/li><li class=\"coblocks-gallery--item\"><figure class=\"wp-block-coblocks-gallery-offset__figure\"><img loading=\"lazy\" decoding=\"async\" width=\"960\" height=\"960\" src=\"https:\/\/socialinnovationforum.ca\/wp-content\/uploads\/2026\/05\/edufirm.jpg\" alt=\"\" data-id=\"1627\" data-imglink=\"\" data-link=\"https:\/\/socialinnovationforum.ca\/forum-2026\/edufirm\/\" class=\"wp-image-1627\" srcset=\"https:\/\/socialinnovationforum.ca\/wp-content\/uploads\/2026\/05\/edufirm.jpg 960w, https:\/\/socialinnovationforum.ca\/wp-content\/uploads\/2026\/05\/edufirm-300x300.jpg 300w, https:\/\/socialinnovationforum.ca\/wp-content\/uploads\/2026\/05\/edufirm-150x150.jpg 150w, https:\/\/socialinnovationforum.ca\/wp-content\/uploads\/2026\/05\/edufirm-768x768.jpg 768w, https:\/\/socialinnovationforum.ca\/wp-content\/uploads\/2026\/05\/edufirm-12x12.jpg 12w\" sizes=\"auto, (max-width: 960px) 100vw, 960px\" \/><\/figure><\/li><li class=\"coblocks-gallery--item\"><figure class=\"wp-block-coblocks-gallery-offset__figure\"><img loading=\"lazy\" decoding=\"async\" width=\"960\" height=\"960\" src=\"https:\/\/socialinnovationforum.ca\/wp-content\/uploads\/2024\/05\/genome-small.jpg\" alt=\"\" data-id=\"839\" data-imglink=\"\" data-link=\"https:\/\/socialinnovationforum.ca\/forum-2024\/genome-small\/\" class=\"wp-image-839\" srcset=\"https:\/\/socialinnovationforum.ca\/wp-content\/uploads\/2024\/05\/genome-small.jpg 960w, https:\/\/socialinnovationforum.ca\/wp-content\/uploads\/2024\/05\/genome-small-300x300.jpg 300w, https:\/\/socialinnovationforum.ca\/wp-content\/uploads\/2024\/05\/genome-small-150x150.jpg 150w, https:\/\/socialinnovationforum.ca\/wp-content\/uploads\/2024\/05\/genome-small-768x768.jpg 768w, https:\/\/socialinnovationforum.ca\/wp-content\/uploads\/2024\/05\/genome-small-12x12.jpg 12w\" sizes=\"auto, (max-width: 960px) 100vw, 960px\" \/><\/figure><\/li><li class=\"coblocks-gallery--item\"><figure class=\"wp-block-coblocks-gallery-offset__figure\"><img loading=\"lazy\" decoding=\"async\" width=\"960\" height=\"960\" src=\"https:\/\/socialinnovationforum.ca\/wp-content\/uploads\/2024\/05\/SI-Canada-small.jpg\" alt=\"\" data-id=\"834\" data-imglink=\"\" data-link=\"https:\/\/socialinnovationforum.ca\/home\/si-canada-small\/\" class=\"wp-image-834\" srcset=\"https:\/\/socialinnovationforum.ca\/wp-content\/uploads\/2024\/05\/SI-Canada-small.jpg 960w, https:\/\/socialinnovationforum.ca\/wp-content\/uploads\/2024\/05\/SI-Canada-small-300x300.jpg 300w, https:\/\/socialinnovationforum.ca\/wp-content\/uploads\/2024\/05\/SI-Canada-small-150x150.jpg 150w, https:\/\/socialinnovationforum.ca\/wp-content\/uploads\/2024\/05\/SI-Canada-small-768x768.jpg 768w, https:\/\/socialinnovationforum.ca\/wp-content\/uploads\/2024\/05\/SI-Canada-small-12x12.jpg 12w\" sizes=\"auto, (max-width: 960px) 100vw, 960px\" \/><\/figure><\/li><\/ul><\/div>\n\n\n\n<div aria-label=\"Offset Gallery\" class=\"wp-block-coblocks-gallery-offset alignwide\"><ul class=\"coblocks-gallery has-caption-style-dark has-small-images has-custom-gutter\" style=\"--coblocks-custom-gutter:1.4em\"><li class=\"coblocks-gallery--item\"><figure class=\"wp-block-coblocks-gallery-offset__figure\"><img loading=\"lazy\" decoding=\"async\" width=\"960\" height=\"960\" src=\"https:\/\/socialinnovationforum.ca\/wp-content\/uploads\/2026\/05\/mitacs-2026.jpg\" alt=\"\" data-id=\"1620\" data-imglink=\"\" data-link=\"https:\/\/socialinnovationforum.ca\/forum-2026\/mitacs-2026\/\" class=\"wp-image-1620\" srcset=\"https:\/\/socialinnovationforum.ca\/wp-content\/uploads\/2026\/05\/mitacs-2026.jpg 960w, https:\/\/socialinnovationforum.ca\/wp-content\/uploads\/2026\/05\/mitacs-2026-300x300.jpg 300w, https:\/\/socialinnovationforum.ca\/wp-content\/uploads\/2026\/05\/mitacs-2026-150x150.jpg 150w, https:\/\/socialinnovationforum.ca\/wp-content\/uploads\/2026\/05\/mitacs-2026-768x768.jpg 768w, https:\/\/socialinnovationforum.ca\/wp-content\/uploads\/2026\/05\/mitacs-2026-12x12.jpg 12w\" sizes=\"auto, (max-width: 960px) 100vw, 960px\" \/><\/figure><\/li><li class=\"coblocks-gallery--item\"><figure class=\"wp-block-coblocks-gallery-offset__figure\"><img loading=\"lazy\" decoding=\"async\" width=\"960\" height=\"960\" src=\"https:\/\/socialinnovationforum.ca\/wp-content\/uploads\/2026\/03\/Slide5.jpeg\" alt=\"\" data-id=\"1565\" data-imglink=\"\" data-link=\"https:\/\/socialinnovationforum.ca\/forum-2026\/slide5\/\" class=\"wp-image-1565\" srcset=\"https:\/\/socialinnovationforum.ca\/wp-content\/uploads\/2026\/03\/Slide5.jpeg 960w, https:\/\/socialinnovationforum.ca\/wp-content\/uploads\/2026\/03\/Slide5-300x300.jpeg 300w, https:\/\/socialinnovationforum.ca\/wp-content\/uploads\/2026\/03\/Slide5-150x150.jpeg 150w, https:\/\/socialinnovationforum.ca\/wp-content\/uploads\/2026\/03\/Slide5-768x768.jpeg 768w, https:\/\/socialinnovationforum.ca\/wp-content\/uploads\/2026\/03\/Slide5-12x12.jpeg 12w\" sizes=\"auto, (max-width: 960px) 100vw, 960px\" \/><\/figure><\/li><li class=\"coblocks-gallery--item\"><figure class=\"wp-block-coblocks-gallery-offset__figure\"><img loading=\"lazy\" decoding=\"async\" width=\"960\" height=\"960\" src=\"https:\/\/socialinnovationforum.ca\/wp-content\/uploads\/2026\/03\/logos-sshrc-2026.jpg\" alt=\"\" data-id=\"1582\" data-imglink=\"\" data-link=\"https:\/\/socialinnovationforum.ca\/forum-2026\/logos-sshrc-2026\/\" class=\"wp-image-1582\" srcset=\"https:\/\/socialinnovationforum.ca\/wp-content\/uploads\/2026\/03\/logos-sshrc-2026.jpg 960w, https:\/\/socialinnovationforum.ca\/wp-content\/uploads\/2026\/03\/logos-sshrc-2026-300x300.jpg 300w, https:\/\/socialinnovationforum.ca\/wp-content\/uploads\/2026\/03\/logos-sshrc-2026-150x150.jpg 150w, https:\/\/socialinnovationforum.ca\/wp-content\/uploads\/2026\/03\/logos-sshrc-2026-768x768.jpg 768w, https:\/\/socialinnovationforum.ca\/wp-content\/uploads\/2026\/03\/logos-sshrc-2026-12x12.jpg 12w\" sizes=\"auto, (max-width: 960px) 100vw, 960px\" \/><\/figure><\/li><li class=\"coblocks-gallery--item\"><figure class=\"wp-block-coblocks-gallery-offset__figure\"><img loading=\"lazy\" decoding=\"async\" width=\"960\" height=\"960\" src=\"https:\/\/socialinnovationforum.ca\/wp-content\/uploads\/2026\/03\/Slide2.jpeg\" alt=\"\" data-id=\"1569\" data-imglink=\"\" data-link=\"https:\/\/socialinnovationforum.ca\/forum-2026\/slide2\/\" class=\"wp-image-1569\" srcset=\"https:\/\/socialinnovationforum.ca\/wp-content\/uploads\/2026\/03\/Slide2.jpeg 960w, https:\/\/socialinnovationforum.ca\/wp-content\/uploads\/2026\/03\/Slide2-300x300.jpeg 300w, https:\/\/socialinnovationforum.ca\/wp-content\/uploads\/2026\/03\/Slide2-150x150.jpeg 150w, https:\/\/socialinnovationforum.ca\/wp-content\/uploads\/2026\/03\/Slide2-768x768.jpeg 768w, https:\/\/socialinnovationforum.ca\/wp-content\/uploads\/2026\/03\/Slide2-12x12.jpeg 12w\" sizes=\"auto, (max-width: 960px) 100vw, 960px\" \/><\/figure><\/li><li class=\"coblocks-gallery--item\"><figure class=\"wp-block-coblocks-gallery-offset__figure\"><img loading=\"lazy\" decoding=\"async\" width=\"960\" height=\"960\" src=\"https:\/\/socialinnovationforum.ca\/wp-content\/uploads\/2026\/03\/Slide1.jpeg\" alt=\"\" data-id=\"1568\" data-imglink=\"\" data-link=\"https:\/\/socialinnovationforum.ca\/forum-2026\/slide1-4\/\" class=\"wp-image-1568\" srcset=\"https:\/\/socialinnovationforum.ca\/wp-content\/uploads\/2026\/03\/Slide1.jpeg 960w, https:\/\/socialinnovationforum.ca\/wp-content\/uploads\/2026\/03\/Slide1-300x300.jpeg 300w, https:\/\/socialinnovationforum.ca\/wp-content\/uploads\/2026\/03\/Slide1-150x150.jpeg 150w, https:\/\/socialinnovationforum.ca\/wp-content\/uploads\/2026\/03\/Slide1-768x768.jpeg 768w, https:\/\/socialinnovationforum.ca\/wp-content\/uploads\/2026\/03\/Slide1-12x12.jpeg 12w\" sizes=\"auto, (max-width: 960px) 100vw, 960px\" \/><\/figure><\/li><li class=\"coblocks-gallery--item\"><figure class=\"wp-block-coblocks-gallery-offset__figure\"><img loading=\"lazy\" decoding=\"async\" width=\"960\" height=\"960\" src=\"https:\/\/socialinnovationforum.ca\/wp-content\/uploads\/2026\/03\/Slide3-1.jpeg\" alt=\"\" data-id=\"1595\" data-imglink=\"\" data-link=\"https:\/\/socialinnovationforum.ca\/forum-2026\/slide3-2\/\" class=\"wp-image-1595\" srcset=\"https:\/\/socialinnovationforum.ca\/wp-content\/uploads\/2026\/03\/Slide3-1.jpeg 960w, https:\/\/socialinnovationforum.ca\/wp-content\/uploads\/2026\/03\/Slide3-1-300x300.jpeg 300w, https:\/\/socialinnovationforum.ca\/wp-content\/uploads\/2026\/03\/Slide3-1-150x150.jpeg 150w, https:\/\/socialinnovationforum.ca\/wp-content\/uploads\/2026\/03\/Slide3-1-768x768.jpeg 768w, https:\/\/socialinnovationforum.ca\/wp-content\/uploads\/2026\/03\/Slide3-1-12x12.jpeg 12w\" sizes=\"auto, (max-width: 960px) 100vw, 960px\" \/><\/figure><\/li><li class=\"coblocks-gallery--item\"><figure class=\"wp-block-coblocks-gallery-offset__figure\"><img loading=\"lazy\" decoding=\"async\" width=\"960\" height=\"960\" src=\"https:\/\/socialinnovationforum.ca\/wp-content\/uploads\/2026\/03\/Slide8.jpeg\" alt=\"\" data-id=\"1562\" data-imglink=\"\" data-link=\"https:\/\/socialinnovationforum.ca\/forum-2026\/slide8\/\" class=\"wp-image-1562\" srcset=\"https:\/\/socialinnovationforum.ca\/wp-content\/uploads\/2026\/03\/Slide8.jpeg 960w, https:\/\/socialinnovationforum.ca\/wp-content\/uploads\/2026\/03\/Slide8-300x300.jpeg 300w, https:\/\/socialinnovationforum.ca\/wp-content\/uploads\/2026\/03\/Slide8-150x150.jpeg 150w, https:\/\/socialinnovationforum.ca\/wp-content\/uploads\/2026\/03\/Slide8-768x768.jpeg 768w, https:\/\/socialinnovationforum.ca\/wp-content\/uploads\/2026\/03\/Slide8-12x12.jpeg 12w\" sizes=\"auto, (max-width: 960px) 100vw, 960px\" \/><\/figure><\/li><li class=\"coblocks-gallery--item\"><figure class=\"wp-block-coblocks-gallery-offset__figure\"><img loading=\"lazy\" decoding=\"async\" width=\"960\" height=\"960\" src=\"https:\/\/socialinnovationforum.ca\/wp-content\/uploads\/2024\/05\/cags-small.jpg\" alt=\"\" data-id=\"853\" data-imglink=\"\" data-link=\"https:\/\/socialinnovationforum.ca\/forum-2024\/cags-small\/\" class=\"wp-image-853\" srcset=\"https:\/\/socialinnovationforum.ca\/wp-content\/uploads\/2024\/05\/cags-small.jpg 960w, https:\/\/socialinnovationforum.ca\/wp-content\/uploads\/2024\/05\/cags-small-300x300.jpg 300w, https:\/\/socialinnovationforum.ca\/wp-content\/uploads\/2024\/05\/cags-small-150x150.jpg 150w, https:\/\/socialinnovationforum.ca\/wp-content\/uploads\/2024\/05\/cags-small-768x768.jpg 768w, https:\/\/socialinnovationforum.ca\/wp-content\/uploads\/2024\/05\/cags-small-12x12.jpg 12w\" sizes=\"auto, (max-width: 960px) 100vw, 960px\" \/><\/figure><\/li><li class=\"coblocks-gallery--item\"><figure class=\"wp-block-coblocks-gallery-offset__figure\"><img loading=\"lazy\" decoding=\"async\" width=\"960\" height=\"960\" src=\"https:\/\/socialinnovationforum.ca\/wp-content\/uploads\/2026\/04\/pdc-unb-logo.jpg\" alt=\"\" data-id=\"1606\" data-imglink=\"\" data-link=\"https:\/\/socialinnovationforum.ca\/forum-2026\/pdc-unb-logo\/\" class=\"wp-image-1606\" srcset=\"https:\/\/socialinnovationforum.ca\/wp-content\/uploads\/2026\/04\/pdc-unb-logo.jpg 960w, https:\/\/socialinnovationforum.ca\/wp-content\/uploads\/2026\/04\/pdc-unb-logo-300x300.jpg 300w, https:\/\/socialinnovationforum.ca\/wp-content\/uploads\/2026\/04\/pdc-unb-logo-150x150.jpg 150w, https:\/\/socialinnovationforum.ca\/wp-content\/uploads\/2026\/04\/pdc-unb-logo-768x768.jpg 768w, https:\/\/socialinnovationforum.ca\/wp-content\/uploads\/2026\/04\/pdc-unb-logo-12x12.jpg 12w\" sizes=\"auto, (max-width: 960px) 100vw, 960px\" \/><\/figure><\/li><li class=\"coblocks-gallery--item\"><figure class=\"wp-block-coblocks-gallery-offset__figure\"><img loading=\"lazy\" decoding=\"async\" width=\"960\" height=\"960\" src=\"https:\/\/socialinnovationforum.ca\/wp-content\/uploads\/2026\/05\/alberta-government-logo.jpg\" alt=\"\" data-id=\"1618\" data-imglink=\"\" data-link=\"https:\/\/socialinnovationforum.ca\/forum-2026\/alberta-government-logo\/\" class=\"wp-image-1618\" srcset=\"https:\/\/socialinnovationforum.ca\/wp-content\/uploads\/2026\/05\/alberta-government-logo.jpg 960w, https:\/\/socialinnovationforum.ca\/wp-content\/uploads\/2026\/05\/alberta-government-logo-300x300.jpg 300w, https:\/\/socialinnovationforum.ca\/wp-content\/uploads\/2026\/05\/alberta-government-logo-150x150.jpg 150w, https:\/\/socialinnovationforum.ca\/wp-content\/uploads\/2026\/05\/alberta-government-logo-768x768.jpg 768w, https:\/\/socialinnovationforum.ca\/wp-content\/uploads\/2026\/05\/alberta-government-logo-12x12.jpg 12w\" sizes=\"auto, (max-width: 960px) 100vw, 960px\" \/><\/figure><\/li><\/ul><\/div>\n\n\n\n<p class=\"has-text-align-center has-text-color has-link-color wp-elements-be77bd56b40e800cbec23d9f27d4e803\" style=\"color:#c11031;letter-spacing:4px\">We are immensely thankful to the Community Development Unit | Arts, Culture and Status of Women of the Government of Alberta for their continued input, insight and support<\/p>","protected":false},"excerpt":{"rendered":"<p>Join us at the University of Calgary, 1-3 June 2026 for the 4th edition of the Forum and the new CFSI Symposium The Canadian Collaborative for Society, Innovation and Policy and the Canadian Science Policy Centre are partnering with the Future Skills Centre for an event on the theme of Talent Powered Prosperity. 1-2 June [&hellip;]<\/p>\n","protected":false},"author":1,"featured_media":0,"parent":0,"menu_order":0,"comment_status":"closed","ping_status":"closed","template":"","meta":{"_coblocks_attr":"","_coblocks_dimensions":"","_coblocks_responsive_height":"","_coblocks_accordion_ie_support":"","hide_page_title":"","footnotes":""},"class_list":["post-1450","page","type-page","status-publish","hentry"],"_links":{"self":[{"href":"https:\/\/socialinnovationforum.ca\/fr\/wp-json\/wp\/v2\/pages\/1450","targetHints":{"allow":["GET"]}}],"collection":[{"href":"https:\/\/socialinnovationforum.ca\/fr\/wp-json\/wp\/v2\/pages"}],"about":[{"href":"https:\/\/socialinnovationforum.ca\/fr\/wp-json\/wp\/v2\/types\/page"}],"author":[{"embeddable":true,"href":"https:\/\/socialinnovationforum.ca\/fr\/wp-json\/wp\/v2\/users\/1"}],"replies":[{"embeddable":true,"href":"https:\/\/socialinnovationforum.ca\/fr\/wp-json\/wp\/v2\/comments?post=1450"}],"version-history":[{"count":76,"href":"https:\/\/socialinnovationforum.ca\/fr\/wp-json\/wp\/v2\/pages\/1450\/revisions"}],"predecessor-version":[{"id":1642,"href":"https:\/\/socialinnovationforum.ca\/fr\/wp-json\/wp\/v2\/pages\/1450\/revisions\/1642"}],"wp:attachment":[{"href":"https:\/\/socialinnovationforum.ca\/fr\/wp-json\/wp\/v2\/media?parent=1450"}],"curies":[{"name":"wp","href":"https:\/\/api.w.org\/{rel}","templated":true}]}}